{"id":446,"date":"2024-02-16T15:11:04","date_gmt":"2024-02-16T12:11:04","guid":{"rendered":"https:\/\/www.aranas.com.tr\/?page_id=446"},"modified":"2024-02-16T15:14:07","modified_gmt":"2024-02-16T12:14:07","slug":"gida-guvenligi-ve-kalite-yonetim-sistemi-entegre-politikasi","status":"publish","type":"page","link":"https:\/\/www.aranas.com.tr\/?page_id=446","title":{"rendered":"G\u0131da G\u00fcvenli\u011fi Ve Kalite Y\u00f6netim Sistemi Entegre Politikas\u0131"},"content":{"rendered":"<p>[vc_row][vc_column][vc_column_text]<\/p>\n<h3><strong>G\u0131da G\u00fcvenli\u011fi Ve Kalite Y\u00f6netim Sistemi Entegre Politikas\u0131<\/strong><\/h3>\n<p>G\u0131da sekt\u00f6r\u00fcnde catering hizmetleri sunarken;<\/p>\n<ul>\n<li>Her zaman g\u00fcvenilir bir firma olmak,<\/li>\n<li>\u0130nsan sa\u011fl\u0131\u011f\u0131na verdi\u011fimiz \u00f6nemle ISO 9001 Kalite Y\u00f6netim Sistemi ve ISO 22000 G\u0131da G\u00fcvenli\u011fi Y\u00f6netim Sistemi ilkeleri \u00e7er\u00e7evesinde sa\u011fl\u0131kl\u0131, hijyenik ve kaliteli \u00fcr\u00fcnler \u00fcretmek,<\/li>\n<li>M\u00fc\u015fteri beklentilerini tam ve zaman\u0131nda kar\u015f\u0131lay\u0131p s\u00fcrekli m\u00fc\u015fteri memnuniyetini sa\u011flamak,<\/li>\n<li>Tak\u0131m anlay\u0131\u015f\u0131 ile \u00e7al\u0131\u015fmak, \u00e7al\u0131\u015fanlar\u0131n memnuniyetini kal\u0131c\u0131 k\u0131lmak ve personeli g\u0131da g\u00fcvenli\u011fi ve kalite konular\u0131nda e\u011fitip yetkin k\u0131lmak,<\/li>\n<li>Kaliteyi ve g\u0131da g\u00fcvenli\u011fini kal\u0131c\u0131 k\u0131lmak, s\u00fcrekli iyile\u015ftirme sa\u011flayarak yenilik\u00e7i bir firma olmak,<\/li>\n<li>Risk y\u00f6netimi bak\u0131\u015f a\u00e7\u0131s\u0131 ile uygunsuz durumlar olu\u015fmadan \u00f6nlem almak.<\/li>\n<li>Kaliteli, G\u0131da G\u00fcvenli\u011fi i\u0307lkelerine uygun \u00fcr\u00fcn ve hizmetler sunmak<\/li>\n<li>\u00dcretimde kullan\u0131lan hammadde kabul\u00fcnden ba\u015flay\u0131p \u00fcretim, ambalajlama, depolama, sevkiyat, servis ile m\u00fc\u015fteriye ula\u015fma a\u015famas\u0131na kadar takip edilen t\u00fcm a\u015famalarda \u00f6ng\u00f6r\u00fclen g\u0131da g\u00fcvenli\u011fi ve kalite standartlar\u0131na uygunlu\u011funu sa\u011flamak,<\/li>\n<li>T\u00fcrk G\u0131da Kodeksine ve yasal mevzuatlara uygun \u00e7al\u0131\u015fmak,<\/li>\n<\/ul>\n<p>Temel ilkemizdir.<\/p>\n<p>&nbsp;<\/p>\n<p><a class=\"dt-pswp-item\" href=\"http:\/\/www.aranas.com.tr\/wp-content\/uploads\/2016\/05\/aranas-logo146px.png\" data-dt-img-description=\"\" data-large_image_width=\"146\" data-large_image_height=\"77\"><img loading=\"lazy\" decoding=\"async\" class=\"size-full wp-image-76 alignleft\" src=\"http:\/\/www.aranas.com.tr\/wp-content\/uploads\/2016\/05\/aranas-logo146px.png\" alt=\"\" width=\"146\" height=\"77\" \/><\/a>[\/vc_column_text][\/vc_column][\/vc_row]<\/p>\n","protected":false},"excerpt":{"rendered":"<p>[vc_row][vc_column][vc_column_text] G\u0131da G\u00fcvenli\u011fi Ve Kalite Y\u00f6netim Sistemi Entegre Politikas\u0131 G\u0131da sekt\u00f6r\u00fcnde catering hizmetleri sunarken; Her zaman g\u00fcvenilir bir firma olmak, \u0130nsan sa\u011fl\u0131\u011f\u0131na verdi\u011fimiz \u00f6nemle ISO 9001 Kalite Y\u00f6netim Sistemi ve ISO 22000 G\u0131da G\u00fcvenli\u011fi Y\u00f6netim Sistemi ilkeleri \u00e7er\u00e7evesinde sa\u011fl\u0131kl\u0131, hijyenik ve kaliteli \u00fcr\u00fcnler \u00fcretmek, M\u00fc\u015fteri beklentilerini tam ve zaman\u0131nda kar\u015f\u0131lay\u0131p s\u00fcrekli m\u00fc\u015fteri memnuniyetini sa\u011flamak, Tak\u0131m&hellip;<\/p>\n","protected":false},"author":1,"featured_media":0,"parent":0,"menu_order":0,"comment_status":"closed","ping_status":"closed","template":"","meta":[],"class_list":["post-446","page","type-page","status-publish","hentry","description-off"],"_links":{"self":[{"href":"https:\/\/www.aranas.com.tr\/index.php?rest_route=\/wp\/v2\/pages\/446","targetHints":{"allow":["GET"]}}],"collection":[{"href":"https:\/\/www.aranas.com.tr\/index.php?rest_route=\/wp\/v2\/pages"}],"about":[{"href":"https:\/\/www.aranas.com.tr\/index.php?rest_route=\/wp\/v2\/types\/page"}],"author":[{"embeddable":true,"href":"https:\/\/www.aranas.com.tr\/index.php?rest_route=\/wp\/v2\/users\/1"}],"replies":[{"embeddable":true,"href":"https:\/\/www.aranas.com.tr\/index.php?rest_route=%2Fwp%2Fv2%2Fcomments&post=446"}],"version-history":[{"count":3,"href":"https:\/\/www.aranas.com.tr\/index.php?rest_route=\/wp\/v2\/pages\/446\/revisions"}],"predecessor-version":[{"id":449,"href":"https:\/\/www.aranas.com.tr\/index.php?rest_route=\/wp\/v2\/pages\/446\/revisions\/449"}],"wp:attachment":[{"href":"https:\/\/www.aranas.com.tr\/index.php?rest_route=%2Fwp%2Fv2%2Fmedia&parent=446"}],"curies":[{"name":"wp","href":"https:\/\/api.w.org\/{rel}","templated":true}]}}